{"id":10,"date":"2021-01-28T19:39:23","date_gmt":"2021-01-28T19:39:23","guid":{"rendered":"https:\/\/msbportale.pl\/?page_id=10"},"modified":"2021-02-01T08:45:21","modified_gmt":"2021-02-01T08:45:21","slug":"o-nas","status":"publish","type":"page","link":"https:\/\/msbportale.pl\/?page_id=10","title":{"rendered":"O nas"},"content":{"rendered":"<p>[et_pb_section fb_built=&#8221;1&#8243; _builder_version=&#8221;4.5.7&#8243; _module_preset=&#8221;default&#8221; background_image=&#8221;https:\/\/msbportale.pl\/wp-content\/uploads\/2021\/01\/IMG-8471-scaled.jpg&#8221;][\/et_pb_section][et_pb_section fb_built=&#8221;1&#8243; _builder_version=&#8221;4.5.7&#8243; _module_preset=&#8221;default&#8221; custom_padding=&#8221;||5px|||&#8221;][et_pb_row _builder_version=&#8221;4.5.7&#8243; _module_preset=&#8221;default&#8221; custom_padding=&#8221;||29px|||&#8221;][et_pb_column type=&#8221;4_4&#8243; _builder_version=&#8221;4.5.7&#8243; _module_preset=&#8221;default&#8221;][et_pb_text _builder_version=&#8221;4.5.7&#8243; _module_preset=&#8221;default&#8221; text_font=&#8221;||||||||&#8221; text_font_size=&#8221;42px&#8221; header_font=&#8221;|300|||||||&#8221; header_text_align=&#8221;center&#8221; text_orientation=&#8221;center&#8221; custom_padding=&#8221;||0px|||&#8221; hover_enabled=&#8221;0&#8243;]<\/p>\n<p style=\"text-align: center;\">O nas<\/p>\n<p>[\/et_pb_text][\/et_pb_column][\/et_pb_row][et_pb_row _builder_version=&#8221;4.5.7&#8243; _module_preset=&#8221;default&#8221; custom_padding=&#8221;0px||0px|||&#8221;][et_pb_column type=&#8221;4_4&#8243; _builder_version=&#8221;4.5.7&#8243; _module_preset=&#8221;default&#8221;][et_pb_divider divider_weight=&#8221;6px&#8221; _builder_version=&#8221;4.5.7&#8243; _module_preset=&#8221;default&#8221; width=&#8221;8%&#8221; module_alignment=&#8221;center&#8221;][\/et_pb_divider][\/et_pb_column][\/et_pb_row][\/et_pb_section][et_pb_section fb_built=&#8221;1&#8243; _builder_version=&#8221;4.5.7&#8243; _module_preset=&#8221;default&#8221; custom_padding=&#8221;14px|||||&#8221;][et_pb_row column_structure=&#8221;1_2,1_2&#8243; _builder_version=&#8221;4.5.7&#8243; _module_preset=&#8221;default&#8221;][et_pb_column type=&#8221;1_2&#8243; _builder_version=&#8221;4.5.7&#8243; _module_preset=&#8221;default&#8221;][et_pb_blurb title=&#8221;Kim jeste\u015bmy?&#8221; use_icon=&#8221;on&#8221; font_icon=&#8221;%%305%%&#8221; icon_placement=&#8221;left&#8221; _builder_version=&#8221;4.5.7&#8243; _module_preset=&#8221;default&#8221;]Je\u015bli szukasz profesjonalisty, kt\u00f3ry realizuje pe\u0142en zakres prac zwi\u0105zanych z zabudowy portali drzwiowych na terenie ca\u0142ego kraju \u2013 jeste\u015bmy do Twojej dyspozycji. Nasza siedziba mie\u015bci si\u0119 w P\u0142ochocinie, tu\u017c obok zjazdu z autostrady A2, co umo\u017cliwia \u0142atwy dojazd z r\u00f3\u017cnych cz\u0119\u015bci Mazowsza.[\/et_pb_blurb][et_pb_blurb title=&#8221;Nowoczesne us\u0142ugi&#8221; use_icon=&#8221;on&#8221; font_icon=&#8221;%%283%%&#8221; icon_placement=&#8221;left&#8221; _builder_version=&#8221;4.5.7&#8243; _module_preset=&#8221;default&#8221;]Obs\u0142ugujemy szerok\u0105 gam\u0119 Klient\u00f3w \u2013 realizuj\u0105c zar\u00f3wno indywidualne zlecenia, jak i dla firm czy developer\u00f3w. Niezale\u017cnie od rodzaju wykonywanych prac, na pewno znajdziemy dla ka\u017cdego odpowiednie rozwi\u0105zania. Nasz park maszynowy jest wyposa\u017cony w nowoczesny sprz\u0119t \u2013 gwarantuj\u0105cy precyzj\u0119 i szybko\u015b\u0107 pracy. Dzi\u0119ki temu, zdobyli\u015bmy zaufanie szerokiego grona Klient\u00f3w [\/et_pb_blurb][\/et_pb_column][et_pb_column type=&#8221;1_2&#8243; _builder_version=&#8221;4.5.7&#8243; _module_preset=&#8221;default&#8221;][et_pb_blurb image=&#8221;https:\/\/msbportale.pl\/wp-content\/uploads\/2021\/01\/pexels-lalesh-aldarwish-147634.jpg&#8221; _builder_version=&#8221;4.5.7&#8243; _module_preset=&#8221;default&#8221;][\/et_pb_blurb][\/et_pb_column][\/et_pb_row][\/et_pb_section]<\/p>\n","protected":false},"excerpt":{"rendered":"<p>O nas Je\u015bli szukasz profesjonalisty, kt\u00f3ry realizuje pe\u0142en zakres prac zwi\u0105zanych z zabudowy portali drzwiowych na terenie ca\u0142ego kraju \u2013 jeste\u015bmy do Twojej dyspozycji. Nasza siedziba mie\u015bci si\u0119 w P\u0142ochocinie, tu\u017c obok zjazdu z autostrady A2, co umo\u017cliwia \u0142atwy dojazd z r\u00f3\u017cnych cz\u0119\u015bci Mazowsza.Obs\u0142ugujemy szerok\u0105 gam\u0119 Klient\u00f3w \u2013 realizuj\u0105c zar\u00f3wno indywidualne zlecenia, jak i dla [&hellip;]<\/p>\n","protected":false},"author":1,"featured_media":0,"parent":0,"menu_order":0,"comment_status":"closed","ping_status":"closed","template":"","meta":{"_et_pb_use_builder":"on","_et_pb_old_content":"","_et_gb_content_width":"","footnotes":""},"class_list":["post-10","page","type-page","status-publish","hentry"],"yoast_head":"<!-- This site is optimized with the Yoast SEO plugin v24.4 - https:\/\/yoast.com\/wordpress\/plugins\/seo\/ -->\n<title>O nas - MSB Portale<\/title>\n<meta name=\"robots\" content=\"index, follow, max-snippet:-1, max-image-preview:large, max-video-preview:-1\" \/>\n<link rel=\"canonical\" href=\"https:\/\/msbportale.pl\/?page_id=10\" \/>\n<meta property=\"og:locale\" content=\"pl_PL\" \/>\n<meta property=\"og:type\" content=\"article\" \/>\n<meta property=\"og:title\" content=\"O nas - MSB Portale\" \/>\n<meta property=\"og:description\" content=\"O nas Je\u015bli szukasz profesjonalisty, kt\u00f3ry realizuje pe\u0142en zakres prac zwi\u0105zanych z zabudowy portali drzwiowych na terenie ca\u0142ego kraju \u2013 jeste\u015bmy do Twojej dyspozycji. Nasza siedziba mie\u015bci si\u0119 w P\u0142ochocinie, tu\u017c obok zjazdu z autostrady A2, co umo\u017cliwia \u0142atwy dojazd z r\u00f3\u017cnych cz\u0119\u015bci Mazowsza.Obs\u0142ugujemy szerok\u0105 gam\u0119 Klient\u00f3w \u2013 realizuj\u0105c zar\u00f3wno indywidualne zlecenia, jak i dla [&hellip;]\" \/>\n<meta property=\"og:url\" content=\"https:\/\/msbportale.pl\/?page_id=10\" \/>\n<meta property=\"og:site_name\" content=\"MSB Portale\" \/>\n<meta property=\"article:modified_time\" content=\"2021-02-01T08:45:21+00:00\" \/>\n<meta name=\"twitter:card\" content=\"summary_large_image\" \/>\n<meta name=\"twitter:label1\" content=\"Szacowany czas czytania\" \/>\n\t<meta name=\"twitter:data1\" content=\"2 minuty\" \/>\n<script type=\"application\/ld+json\" class=\"yoast-schema-graph\">{\"@context\":\"https:\/\/schema.org\",\"@graph\":[{\"@type\":\"WebPage\",\"@id\":\"https:\/\/msbportale.pl\/?page_id=10\",\"url\":\"https:\/\/msbportale.pl\/?page_id=10\",\"name\":\"O nas - MSB Portale\",\"isPartOf\":{\"@id\":\"https:\/\/msbportale.pl\/#website\"},\"datePublished\":\"2021-01-28T19:39:23+00:00\",\"dateModified\":\"2021-02-01T08:45:21+00:00\",\"breadcrumb\":{\"@id\":\"https:\/\/msbportale.pl\/?page_id=10#breadcrumb\"},\"inLanguage\":\"pl-PL\",\"potentialAction\":[{\"@type\":\"ReadAction\",\"target\":[\"https:\/\/msbportale.pl\/?page_id=10\"]}]},{\"@type\":\"BreadcrumbList\",\"@id\":\"https:\/\/msbportale.pl\/?page_id=10#breadcrumb\",\"itemListElement\":[{\"@type\":\"ListItem\",\"position\":1,\"name\":\"Strona g\u0142\u00f3wna\",\"item\":\"https:\/\/msbportale.pl\/\"},{\"@type\":\"ListItem\",\"position\":2,\"name\":\"O nas\"}]},{\"@type\":\"WebSite\",\"@id\":\"https:\/\/msbportale.pl\/#website\",\"url\":\"https:\/\/msbportale.pl\/\",\"name\":\"MSB Portale\",\"description\":\"\",\"potentialAction\":[{\"@type\":\"SearchAction\",\"target\":{\"@type\":\"EntryPoint\",\"urlTemplate\":\"https:\/\/msbportale.pl\/?s={search_term_string}\"},\"query-input\":{\"@type\":\"PropertyValueSpecification\",\"valueRequired\":true,\"valueName\":\"search_term_string\"}}],\"inLanguage\":\"pl-PL\"}]}<\/script>\n<!-- \/ Yoast SEO plugin. -->","yoast_head_json":{"title":"O nas - MSB Portale","robots":{"index":"index","follow":"follow","max-snippet":"max-snippet:-1","max-image-preview":"max-image-preview:large","max-video-preview":"max-video-preview:-1"},"canonical":"https:\/\/msbportale.pl\/?page_id=10","og_locale":"pl_PL","og_type":"article","og_title":"O nas - MSB Portale","og_description":"O nas Je\u015bli szukasz profesjonalisty, kt\u00f3ry realizuje pe\u0142en zakres prac zwi\u0105zanych z zabudowy portali drzwiowych na terenie ca\u0142ego kraju \u2013 jeste\u015bmy do Twojej dyspozycji. Nasza siedziba mie\u015bci si\u0119 w P\u0142ochocinie, tu\u017c obok zjazdu z autostrady A2, co umo\u017cliwia \u0142atwy dojazd z r\u00f3\u017cnych cz\u0119\u015bci Mazowsza.Obs\u0142ugujemy szerok\u0105 gam\u0119 Klient\u00f3w \u2013 realizuj\u0105c zar\u00f3wno indywidualne zlecenia, jak i dla [&hellip;]","og_url":"https:\/\/msbportale.pl\/?page_id=10","og_site_name":"MSB Portale","article_modified_time":"2021-02-01T08:45:21+00:00","twitter_card":"summary_large_image","twitter_misc":{"Szacowany czas czytania":"2 minuty"},"schema":{"@context":"https:\/\/schema.org","@graph":[{"@type":"WebPage","@id":"https:\/\/msbportale.pl\/?page_id=10","url":"https:\/\/msbportale.pl\/?page_id=10","name":"O nas - MSB Portale","isPartOf":{"@id":"https:\/\/msbportale.pl\/#website"},"datePublished":"2021-01-28T19:39:23+00:00","dateModified":"2021-02-01T08:45:21+00:00","breadcrumb":{"@id":"https:\/\/msbportale.pl\/?page_id=10#breadcrumb"},"inLanguage":"pl-PL","potentialAction":[{"@type":"ReadAction","target":["https:\/\/msbportale.pl\/?page_id=10"]}]},{"@type":"BreadcrumbList","@id":"https:\/\/msbportale.pl\/?page_id=10#breadcrumb","itemListElement":[{"@type":"ListItem","position":1,"name":"Strona g\u0142\u00f3wna","item":"https:\/\/msbportale.pl\/"},{"@type":"ListItem","position":2,"name":"O nas"}]},{"@type":"WebSite","@id":"https:\/\/msbportale.pl\/#website","url":"https:\/\/msbportale.pl\/","name":"MSB Portale","description":"","potentialAction":[{"@type":"SearchAction","target":{"@type":"EntryPoint","urlTemplate":"https:\/\/msbportale.pl\/?s={search_term_string}"},"query-input":{"@type":"PropertyValueSpecification","valueRequired":true,"valueName":"search_term_string"}}],"inLanguage":"pl-PL"}]}},"_links":{"self":[{"href":"https:\/\/msbportale.pl\/index.php?rest_route=\/wp\/v2\/pages\/10","targetHints":{"allow":["GET"]}}],"collection":[{"href":"https:\/\/msbportale.pl\/index.php?rest_route=\/wp\/v2\/pages"}],"about":[{"href":"https:\/\/msbportale.pl\/index.php?rest_route=\/wp\/v2\/types\/page"}],"author":[{"embeddable":true,"href":"https:\/\/msbportale.pl\/index.php?rest_route=\/wp\/v2\/users\/1"}],"replies":[{"embeddable":true,"href":"https:\/\/msbportale.pl\/index.php?rest_route=%2Fwp%2Fv2%2Fcomments&post=10"}],"version-history":[{"count":6,"href":"https:\/\/msbportale.pl\/index.php?rest_route=\/wp\/v2\/pages\/10\/revisions"}],"predecessor-version":[{"id":114,"href":"https:\/\/msbportale.pl\/index.php?rest_route=\/wp\/v2\/pages\/10\/revisions\/114"}],"wp:attachment":[{"href":"https:\/\/msbportale.pl\/index.php?rest_route=%2Fwp%2Fv2%2Fmedia&parent=10"}],"curies":[{"name":"wp","href":"https:\/\/api.w.org\/{rel}","templated":true}]}}